{"id":21285,"date":"2026-03-03T18:19:50","date_gmt":"2026-03-03T17:19:50","guid":{"rendered":"https:\/\/www.pastasyhojaldresuko.com\/?page_id=21285"},"modified":"2026-03-05T12:54:17","modified_gmt":"2026-03-05T11:54:17","slug":"colaboraciones","status":"publish","type":"page","link":"https:\/\/www.pastasyhojaldresuko.com\/en\/colaboraciones\/","title":{"rendered":"Colaboraciones"},"content":{"rendered":"<div class=\"wpb-content-wrapper\"><p>[vc_row full_width=&#8221;stretch_row&#8221; parallax=&#8221;content-moving&#8221; parallax_image=&#8221;18543&#8243; parallax_speed_bg=&#8221;3.5&#8243; css=&#8221;.vc_custom_1733826500693{border-top-width: 2px !important;border-bottom-width: 2px !important;background-position: center;background-repeat: no-repeat;background-size:cover !important;border-top-style: solid !important;border-bottom-style: solid !important;border-color: #696969 !important;}&#8221; conditional_render=&#8221;%5B%7B%22value_role%22%3A%22administrator%22%7D%5D&#8221; css_params=&#8221;&#8221;][vc_column css=&#8221;.vc_custom_1733826335878{padding-top: 60px !important;padding-bottom: 60px !important;}&#8221; conditional_render=&#8221;%5B%7B%22value_role%22%3A%22administrator%22%7D%5D&#8221; css_params=&#8221;&#8221;]<div class=\"page-top page-header-4   wpb_custom_75ac91a7339739a30267f8f762d4632c\"><style>.page-top { background: none; border-bottom: none; } .page-top .page-title:not(.b-none):after { display: none; }.page-top .breadcrumbs-wrap { color: var(--porto-light-color)}.page-top .breadcrumbs-wrap a { color: #bfa452 }.page-top .page-title {color: var(--porto-light-color);}.page-top .page-sub-title { color: var(--porto-light-color) }<\/style><div class=\"container\">\r\n\t<div class=\"row align-items-center justify-content-end\">\r\n\t\t<div class=\"col-lg-6\">\r\n\t\t\t\t\t\t<h1 class=\"page-title b-none\">COLABORACIONES<\/h1>\r\n\t\t\t\t\t\t\t<p class=\"page-sub-title\">M\u00e1s all\u00e1 del obrador: nuestras colaboraciones solidarias<\/p>\r\n\t\t\t\t\t<\/div>\r\n\t\t\t\t\t<div class=\"breadcrumbs-wrap col-lg-6 breadcrumbs-with-subtitle\">\r\n\t\t\t\t<ul class=\"breadcrumb\" itemscope itemtype=\"https:\/\/schema.org\/BreadcrumbList\"><li class=\"home\" itemprop=\"itemListElement\" itemscope itemtype=\"https:\/\/schema.org\/ListItem\"><a itemprop=\"item\" href=\"https:\/\/www.pastasyhojaldresuko.com\/en\/\" title=\"Go to Home Page\"><span itemprop=\"name\">Home<\/span><\/a><meta itemprop=\"position\" content=\"1\" \/><i class=\"delimiter delimiter-2\"><\/i><\/li><\/ul>\t\t\t<\/div>\r\n\t\t\t\t\t<\/div>\r\n<\/div>\r\n<\/div>[\/vc_column][\/vc_row][vc_row gap=&#8221;35&#8243; equal_height=&#8221;yes&#8221; conditional_render=&#8221;%5B%7B%22value_role%22%3A%22administrator%22%7D%5D&#8221; css_params=&#8221;&#8221; css=&#8221;.vc_custom_1771441647875{margin-bottom: 25px !important;}&#8221;][vc_column width=&#8221;1\/2&#8243;][vc_single_image image=&#8221;21240&#8243; img_size=&#8221;700&#215;400&#8243; style=&#8221;vc_box_rounded&#8221; onclick=&#8221;custom_link&#8221; css=&#8221;.vc_custom_1772558851256{margin-bottom: 20px !important;}&#8221; css_params=&#8221;&#8221; link=&#8221;https:\/\/www.pastasyhojaldresuko.com\/colaboraciones\/peru\/&#8221;]<div class=\"porto-u-heading  wpb_custom_99be9b3184ed77b9dfafab8812349914 porto-u-a063c8948b75e0f813b40fa7930fbcb7  vc_custom_1772558409402\"><div class=\"porto-u-main-heading\"><h2   style=\"margin-bottom: 15px;\">Colaboraci\u00f3n con Per\u00fa<\/h2><\/div><div class=\"porto-u-sub-heading\" style=\"\">\n<p>En Pastas y Hojaldres Uko creemos que compartir nuestro oficio tambi\u00e9n puede cambiar vidas. Descubre c\u00f3mo nuestros talleres de reposter\u00eda en Paita (Per\u00fa), junto a la Misi\u00f3n Regional de Castilla, ayudan a mujeres y familias en situaci\u00f3n de vulnerabilidad a construir nuevas oportunidades a trav\u00e9s de la formaci\u00f3n, la comunidad y la esperanza.<\/p>\n<p><\/div><style>.porto-u-a063c8948b75e0f813b40fa7930fbcb7.porto-u-heading{text-align:left} @media(max-width:767px){ .porto-u-a063c8948b75e0f813b40fa7930fbcb7.porto-u-heading{text-align:center}}<\/style><\/div>[\/vc_column][vc_column width=&#8221;1\/2&#8243;][vc_single_image image=&#8221;21361&#8243; img_size=&#8221;700&#215;400&#8243; style=&#8221;vc_box_rounded&#8221; onclick=&#8221;custom_link&#8221; css=&#8221;.vc_custom_1772559252701{margin-bottom: 20px !important;}&#8221; css_params=&#8221;&#8221; link=&#8221;https:\/\/www.pastasyhojaldresuko.com\/colaboraciones\/cacao-trace\/&#8221;]<div class=\"porto-u-heading  wpb_custom_99be9b3184ed77b9dfafab8812349914 porto-u-a063c8948b75e0f813b40fa7930fbcb7  vc_custom_1771442055089\"><div class=\"porto-u-main-heading\"><h2   style=\"margin-bottom: 15px;\">Programa Caco Trace<\/h2><\/div><div class=\"porto-u-sub-heading\" style=\"\">\n<p>Descubre c\u00f3mo el cacao que utilizamos va mucho m\u00e1s all\u00e1 del sabor. A trav\u00e9s del programa Cacao-Trace apoyamos a comunidades agricultoras, garantizando un chocolate sostenible, trazable y con impacto real en la vida de quienes lo cultivan.<\/p>\n<p><\/div><style>.porto-u-a063c8948b75e0f813b40fa7930fbcb7.porto-u-heading{text-align:left} @media(max-width:767px){ .porto-u-a063c8948b75e0f813b40fa7930fbcb7.porto-u-heading{text-align:center}}<\/style><\/div>[\/vc_column][\/vc_row][vc_row gap=&#8221;35&#8243; conditional_render=&#8221;%5B%7B%22value_role%22%3A%22administrator%22%7D%5D&#8221; css_params=&#8221;&#8221;][vc_column width=&#8221;1\/2&#8243;][vc_single_image image=&#8221;21406&#8243; img_size=&#8221;700&#215;400&#8243; style=&#8221;vc_box_rounded&#8221; onclick=&#8221;custom_link&#8221; css=&#8221;.vc_custom_1772559657802{margin-bottom: 20px !important;}&#8221; css_params=&#8221;&#8221; link=&#8221;https:\/\/www.pastasyhojaldresuko.com\/colaboraciones\/en-un-lugar-del-norte\/&#8221;]<div class=\"porto-u-heading  wpb_custom_99be9b3184ed77b9dfafab8812349914 porto-u-a063c8948b75e0f813b40fa7930fbcb7  vc_custom_1772481388844\"><div class=\"porto-u-main-heading\"><h2   style=\"margin-bottom: 15px;\">Festival En Un Lugar del Norte<\/h2><\/div><div class=\"porto-u-sub-heading\" style=\"\">\n<p>Descubre c\u00f3mo en <b>Pastas y Hojaldres Uko<\/b> apoyamos la cultura local a trav\u00e9s de nuestra colaboraci\u00f3n con el festival <b>En un Lugar del Norte<\/b>. M\u00fasica, comunidad y orgullo por la Monta\u00f1a Palentina se unen en El EscenariUKO para dinamizar nuestro entorno rural. \u00a1Cuidamos lo nuestro!<\/p>\n<p><\/div><style>.porto-u-a063c8948b75e0f813b40fa7930fbcb7.porto-u-heading{text-align:left} @media(max-width:767px){ .porto-u-a063c8948b75e0f813b40fa7930fbcb7.porto-u-heading{text-align:center}}<\/style><\/div>[\/vc_column][vc_column width=&#8221;1\/2&#8243;][\/vc_column][\/vc_row][vc_row css=&#8221;.vc_custom_1771578609993{margin-top: 40px !important;margin-bottom: 50px !important;}&#8221; conditional_render=&#8221;%5B%7B%22value_role%22%3A%22administrator%22%7D%5D&#8221; css_params=&#8221;&#8221;][vc_column]<div class=\"porto-u-heading  wpb_custom_99be9b3184ed77b9dfafab8812349914 porto-u-55ca8359258f9a412be7e73af65d2aac  vc_custom_1771578797020\"><div class=\"porto-u-main-heading\"><h2   style=\"margin-bottom: 10px;\">Tambi\u00e9n hemos colaborado con:<\/h2><\/div><div class=\"porto-u-heading-spacer line_only\" style=\"margin-bottom: 10px;height:2px;\"><span class=\"porto-u-headings-line\" style=\"border-style:solid;border-bottom-width:2px;border-color:#bfa452;width:100px;\"><\/span><\/div><style>.porto-u-55ca8359258f9a412be7e73af65d2aac.porto-u-heading{text-align:center} .porto-u-55ca8359258f9a412be7e73af65d2aac .porto-u-headings-line{float: unset;}<\/style><\/div><div class=\"porto-carousel owl-carousel has-ccols has-ccols-spacing ccols-xl-5 ccols-lg-4 ccols-md-3 ccols-sm-2 ccols-1 stage-margin wpb_custom_6a6a23d7b80956c49b8179ca971a8dbd nav-style-1\" data-plugin-options=\"{&quot;themeConfig&quot;:true,&quot;stagePadding&quot;:40,&quot;margin&quot;:10,&quot;autoplay&quot;:&quot;yes&quot;,&quot;mouseDrag&quot;:true,&quot;touchDrag&quot;:true,&quot;autoplayTimeout&quot;:5000,&quot;autoplayHoverPause&quot;:false,&quot;items&quot;:5,&quot;xl&quot;:5,&quot;lg&quot;:4,&quot;md&quot;:3,&quot;sm&quot;:2,&quot;xs&quot;:1,&quot;nav&quot;:&quot;yes&quot;,&quot;dots&quot;:false,&quot;animateIn&quot;:&quot;&quot;,&quot;animateOut&quot;:&quot;&quot;,&quot;loop&quot;:&quot;yes&quot;,&quot;center&quot;:false,&quot;video&quot;:false,&quot;lazyLoad&quot;:false,&quot;fullscreen&quot;:false}\">[vc_single_image image=&#8221;21337&#8243; img_size=&#8221;medium&#8221; css=&#8221;&#8221; css_params=&#8221;&#8221;][vc_single_image image=&#8221;21339&#8243; img_size=&#8221;medium&#8221; css=&#8221;&#8221; css_params=&#8221;&#8221;][vc_single_image image=&#8221;21342&#8243; img_size=&#8221;medium&#8221; css=&#8221;&#8221; css_params=&#8221;&#8221;][vc_single_image image=&#8221;21345&#8243; img_size=&#8221;medium&#8221; css=&#8221;&#8221; css_params=&#8221;&#8221;][vc_single_image image=&#8221;21429&#8243; img_size=&#8221;medium&#8221; css=&#8221;&#8221; css_params=&#8221;&#8221; label=&#8221;&#8221;][vc_single_image image=&#8221;21349&#8243; img_size=&#8221;medium&#8221; css=&#8221;&#8221; css_params=&#8221;&#8221;][vc_single_image image=&#8221;21351&#8243; img_size=&#8221;medium&#8221; css=&#8221;&#8221; css_params=&#8221;&#8221;][vc_single_image image=&#8221;21353&#8243; img_size=&#8221;medium&#8221; css=&#8221;&#8221; css_params=&#8221;&#8221;]<\/div>[\/vc_column][\/vc_row]<\/p>\n<\/div>","protected":false},"excerpt":{"rendered":"<p>[vc_row full_width=&#8221;stretch_row&#8221; parallax=&#8221;content-moving&#8221; parallax_image=&#8221;18543&#8243; parallax_speed_bg=&#8221;3.5&#8243; css=&#8221;.vc_custom_1733826500693{border-top-width: 2px !important;border-bottom-width: 2px !important;background-position: center;background-repeat: no-repeat;background-size:cover !important;border-top-style: solid !important;border-bottom-style: solid !important;border-color: #696969 !important;}&#8221; conditional_render=&#8221;%5B%7B%22value_role%22%3A%22administrator%22%7D%5D&#8221; css_params=&#8221;&#8221;][vc_column css=&#8221;.vc_custom_1733826335878{padding-top: 60px !important;padding-bottom: 60px !important;}&#8221; conditional_render=&#8221;%5B%7B%22value_role%22%3A%22administrator%22%7D%5D&#8221; css_params=&#8221;&#8221;][\/vc_column][\/vc_row][vc_row gap=&#8221;35&#8243; equal_height=&#8221;yes&#8221; conditional_render=&#8221;%5B%7B%22value_role%22%3A%22administrator%22%7D%5D&#8221; css_params=&#8221;&#8221; css=&#8221;.vc_custom_1771441647875{margin-bottom: 25px !important;}&#8221;][vc_column width=&#8221;1\/2&#8243;][vc_single_image image=&#8221;21240&#8243; img_size=&#8221;700&#215;400&#8243; style=&#8221;vc_box_rounded&#8221; onclick=&#8221;custom_link&#8221; css=&#8221;.vc_custom_1772558851256{margin-bottom: 20px !important;}&#8221; css_params=&#8221;&#8221; link=&#8221;https:\/\/www.pastasyhojaldresuko.com\/colaboraciones\/peru\/&#8221;][\/vc_column][vc_column width=&#8221;1\/2&#8243;][vc_single_image image=&#8221;21361&#8243; img_size=&#8221;700&#215;400&#8243; style=&#8221;vc_box_rounded&#8221; onclick=&#8221;custom_link&#8221; css=&#8221;.vc_custom_1772559252701{margin-bottom: 20px !important;}&#8221; css_params=&#8221;&#8221; link=&#8221;https:\/\/www.pastasyhojaldresuko.com\/colaboraciones\/cacao-trace\/&#8221;][\/vc_column][\/vc_row][vc_row [&hellip;]<\/p>\n","protected":false},"author":1,"featured_media":0,"parent":0,"menu_order":4,"comment_status":"closed","ping_status":"closed","template":"","meta":{"footnotes":""},"class_list":["post-21285","page","type-page","status-publish","hentry"],"_links":{"self":[{"href":"https:\/\/www.pastasyhojaldresuko.com\/en\/wp-json\/wp\/v2\/pages\/21285","targetHints":{"allow":["GET"]}}],"collection":[{"href":"https:\/\/www.pastasyhojaldresuko.com\/en\/wp-json\/wp\/v2\/pages"}],"about":[{"href":"https:\/\/www.pastasyhojaldresuko.com\/en\/wp-json\/wp\/v2\/types\/page"}],"author":[{"embeddable":true,"href":"https:\/\/www.pastasyhojaldresuko.com\/en\/wp-json\/wp\/v2\/users\/1"}],"replies":[{"embeddable":true,"href":"https:\/\/www.pastasyhojaldresuko.com\/en\/wp-json\/wp\/v2\/comments?post=21285"}],"version-history":[{"count":52,"href":"https:\/\/www.pastasyhojaldresuko.com\/en\/wp-json\/wp\/v2\/pages\/21285\/revisions"}],"predecessor-version":[{"id":21431,"href":"https:\/\/www.pastasyhojaldresuko.com\/en\/wp-json\/wp\/v2\/pages\/21285\/revisions\/21431"}],"wp:attachment":[{"href":"https:\/\/www.pastasyhojaldresuko.com\/en\/wp-json\/wp\/v2\/media?parent=21285"}],"curies":[{"name":"wp","href":"https:\/\/api.w.org\/{rel}","templated":true}]}}